{"id":6272,"date":"2019-06-05T20:58:30","date_gmt":"2019-06-05T20:58:30","guid":{"rendered":"http:\/\/somainfo.org\/?page_id=6272"},"modified":"2019-06-06T23:14:28","modified_gmt":"2019-06-06T23:14:28","slug":"2019-finalist-award-bronwyn-white","status":"publish","type":"page","link":"https:\/\/soma-info.org\/?page_id=6272","title":{"rendered":"2019 Finalist Award Winner : Bronwyn White"},"content":{"rendered":"<h3 style=\"text-align: center;\"><span style=\"color: #3857c7;\">Soprano<\/span><\/h3>\n<h4 style=\"text-align: center;\"><span style=\"color: #000000;\">Recipient of the Lauren Bennett Finalist Award<\/span><\/h4>\n<p style=\"text-align: justify;\"><a href=\"https:\/\/soma-info.org\/wp-content\/uploads\/2019\/06\/bronwynwhite_headshot.jpg\"><img loading=\"lazy\" decoding=\"async\" class=\"alignleft  wp-image-6312\" title=\"Bronwyn White\" src=\"https:\/\/soma-info.org\/wp-content\/uploads\/2019\/06\/bronwynwhite_headshot.jpg\" alt=\"\" width=\"287\" height=\"231\" srcset=\"https:\/\/soma-info.org\/wp-content\/uploads\/2019\/06\/bronwynwhite_headshot.jpg 621w, https:\/\/soma-info.org\/wp-content\/uploads\/2019\/06\/bronwynwhite_headshot-300x241.jpg 300w\" sizes=\"auto, (max-width: 287px) 100vw, 287px\" \/><\/a><span style=\"color: #3857c7;\">Bronwyn White, soprano, spent last year performing with Fort Worth Opera as a Hattie Mae Lesley Apprentice Artist, where she appeared as The Mother in Amahl and the Night Visitors this past December, and covered Norina (Don Pasquale) this past spring. On the outreach tours, Bronwyn was seen as Pig\/Teen Duck in Ugly Duckling, and Cat in The Musicians of Bremen. She was also featured in Fort Worth Opera Frontiers, performing excerpts as Eleanor Ford in Fordlandia and Chrissy in Domestic. Bronwyn was recently engaged as a Festival Artist at Utah Festival Opera &amp; Musical Theatre, where she appeared as the Cousin (Madama Butterfly) and covered Esmeralda (Hunchback of Notre Dame) and covered Anne Boleyn and Elizabeth in Rex. Bronwyn&#8217;s recent credits include Magnolia Hawks (Show Boat) with the Natchez Opera Festival, Lauretta (Gianni Schicchi) and Helena (A Midsummer Night&#8217;s Dream) with Texas Christian University Opera, Oc\u00e9anide (Prom\u00e9th\u00e9e Encha\u00een\u00e9) with the Atlantic Music Festival, Alberto Gonzales (The Alberto Gonzales Cantata) at the National Opera Association Convention, and Frasquita (Carmen) with New Jersey Verismo Opera.\u00a0 Bronwyn has won Second Place at the Young Texas Artists Music Competition, the Distinction Award at the Metropolitan International Music Festival Competition, First Place at the Friday-Woodmere Music Club Competition, was named a Finalist in the New Jersey State Opera Competition and Michael Ballam&#8217;s Concorso Lirico International Competition, and won the TCU Concerto Competition. She has been featured as a soloist with the Fort Worth Symphony Orchestra, the Atlantic Music Festival Orchestra, the New York Opera Exchange and Orchestra, the Texas Christian University Wind Symphony, the Texas Christian University Symphony Orchestra, Texas Christian University Collegium Musicum, the Purchase Symphony Orchestra, and the Anchorage Concert Chorus and Orchestra. As a recitalist, she has performed at the San Antonio Festival of French Culture and the TCU Festival of American Song.\u00a0 Bronwyn holds an Artist Diploma from Texas Christian University, a Master of Music from the State University of New York &#8211; Purchase, and a Bachelor of Music from the University of Texas at San Antonio.<\/span><\/p>\n<div id=\"attachment_6379\" style=\"width: 382px\" class=\"wp-caption aligncenter\"><a href=\"https:\/\/soma-info.org\/wp-content\/uploads\/2019\/06\/LAAC_222.jpg\"><img loading=\"lazy\" decoding=\"async\" aria-describedby=\"caption-attachment-6379\" class=\" wp-image-6379    \" title=\"Bronwyn\" src=\"https:\/\/soma-info.org\/wp-content\/uploads\/2019\/06\/LAAC_222-804x1024.jpg\" alt=\"\" width=\"372\" height=\"473\" srcset=\"https:\/\/soma-info.org\/wp-content\/uploads\/2019\/06\/LAAC_222-804x1024.jpg 804w, https:\/\/soma-info.org\/wp-content\/uploads\/2019\/06\/LAAC_222-235x300.jpg 235w\" sizes=\"auto, (max-width: 372px) 100vw, 372px\" \/><\/a><p id=\"caption-attachment-6379\" class=\"wp-caption-text\"><em>Bronwyn White : Photo by Gwen Juarez<\/em><\/p><\/div>\n<p style=\"text-align: justify;\"><a href=\"https:\/\/soma-info.org\/wp-content\/uploads\/2019\/06\/th-6.jpg\"><img loading=\"lazy\" decoding=\"async\" class=\"aligncenter size-full wp-image-6370\" title=\"Bluebonnets\" src=\"https:\/\/soma-info.org\/wp-content\/uploads\/2019\/06\/th-6.jpg\" alt=\"\" width=\"90\" height=\"90\" \/><\/a><\/p>\n","protected":false},"excerpt":{"rendered":"<p>Soprano Recipient of the Lauren Bennett Finalist Award Bronwyn White, soprano, spent last year performing with Fort Worth Opera as a Hattie Mae Lesley Apprentice Artist, where she appeared as The Mother in Amahl and the Night Visitors this past December, and covered Norina (Don Pasquale) this past spring. On the outreach tours, Bronwyn was [&hellip;]<\/p>\n","protected":false},"author":1,"featured_media":0,"parent":6255,"menu_order":10,"comment_status":"closed","ping_status":"closed","template":"","meta":{"footnotes":""},"class_list":["post-6272","page","type-page","status-publish","hentry"],"_links":{"self":[{"href":"https:\/\/soma-info.org\/index.php?rest_route=\/wp\/v2\/pages\/6272","targetHints":{"allow":["GET"]}}],"collection":[{"href":"https:\/\/soma-info.org\/index.php?rest_route=\/wp\/v2\/pages"}],"about":[{"href":"https:\/\/soma-info.org\/index.php?rest_route=\/wp\/v2\/types\/page"}],"author":[{"embeddable":true,"href":"https:\/\/soma-info.org\/index.php?rest_route=\/wp\/v2\/users\/1"}],"replies":[{"embeddable":true,"href":"https:\/\/soma-info.org\/index.php?rest_route=%2Fwp%2Fv2%2Fcomments&post=6272"}],"version-history":[{"count":12,"href":"https:\/\/soma-info.org\/index.php?rest_route=\/wp\/v2\/pages\/6272\/revisions"}],"predecessor-version":[{"id":6378,"href":"https:\/\/soma-info.org\/index.php?rest_route=\/wp\/v2\/pages\/6272\/revisions\/6378"}],"up":[{"embeddable":true,"href":"https:\/\/soma-info.org\/index.php?rest_route=\/wp\/v2\/pages\/6255"}],"wp:attachment":[{"href":"https:\/\/soma-info.org\/index.php?rest_route=%2Fwp%2Fv2%2Fmedia&parent=6272"}],"curies":[{"name":"wp","href":"https:\/\/api.w.org\/{rel}","templated":true}]}}