{"id":5579,"date":"2017-08-24T21:54:17","date_gmt":"2017-08-24T21:54:17","guid":{"rendered":"http:\/\/somainfo.org\/?page_id=5579"},"modified":"2017-09-15T19:42:03","modified_gmt":"2017-09-15T19:42:03","slug":"2017-award-winning-finalist-sam-jew-kim","status":"publish","type":"page","link":"https:\/\/soma-info.org\/?page_id=5579","title":{"rendered":"2017 Award Winning Finalist : Sam Jew Kim"},"content":{"rendered":"<h3 style=\"text-align: center;\"><span style=\"color: #800000;\">Mezzo-soprano<\/span><\/h3>\n<h4 style=\"text-align: center;\">Recipient of the Monica &amp; Roger McNeill Award<\/h4>\n<p style=\"text-align: justify;\"><a href=\"https:\/\/soma-info.org\/wp-content\/uploads\/2017\/08\/Sam-Jew-Kim.jpg\"><img loading=\"lazy\" decoding=\"async\" class=\"alignleft  wp-image-5580\" title=\"Sam Jew Kim\" src=\"https:\/\/soma-info.org\/wp-content\/uploads\/2017\/08\/Sam-Jew-Kim-225x300.jpg\" alt=\"\" width=\"242\" height=\"322\" srcset=\"https:\/\/soma-info.org\/wp-content\/uploads\/2017\/08\/Sam-Jew-Kim-225x300.jpg 225w, https:\/\/soma-info.org\/wp-content\/uploads\/2017\/08\/Sam-Jew-Kim-768x1024.jpg 768w, https:\/\/soma-info.org\/wp-content\/uploads\/2017\/08\/Sam-Jew-Kim.jpg 960w\" sizes=\"auto, (max-width: 242px) 100vw, 242px\" \/><\/a><span style=\"color: #800000;\">Sam Jew Kim, mezzo-soprano, is recently appeared as Renaud in Lully\u2019s Armide. She has performed with the Le Ch\u00e2teau de la Voix, the Baroque Artists of Champaign Urbana, the Concerto Urbano Baroque Ensemble, the Wesley Foundation at UIUC, and the Acad\u00e9mie Internationale d\u2019Et\u00e9 de Nice. Credits include roles in operas by Mozart, Donizetti, Verdi, Saint-Sa\u00ebns, Mascagni, Cilea, Puccini and Wagner, as well as leading roles La Clemenza di Tito, Samson et Dalila, Madama Butterfly, The Portrait of Manon, Il Trovatore,\u00a0 Cavalleria Rusticana, and Das Rheingold.\u00a0 <\/span><span style=\"color: #800000;\">Comfortable with the concert repertoire, she has performed works by Bach, Handel, Mozart, and Vivaldi. Credits as a versatile performer and musician, she received her master\u2019s degree in vocal performance from New England Conservatory of Music. Sam Jew won the third Prize of Madame Butterfly International Competition in 2016, the Judge Special Prize of Partners for the Arts in 2016, the fourth prize of Cooper-Bing International Vocal Competition in 2015, the second prize of Barry Alexander International Vocal Competition in 2009 and Jury prize of Czech International vocal competition in 2010. She was a finalist of Holland Chorale Nicholas Loren Vocal competition in 2015. At the present, Sam Jew is pursuing her doctoral degree in vocal performance at the University of Illinois under the tutelage of soprano Cynthia Haymon.<\/span><\/p>\n<h4 style=\"text-align: center;\">Sunday, June 25, 2017<\/h4>\n<p style=\"text-align: center;\"><span style=\"color: #000080;\"><iframe loading=\"lazy\" src=\"https:\/\/www.youtube.com\/embed\/egDXkWXexxk\" frameborder=\"0\" width=\"560\" height=\"315\"><\/iframe><\/span><\/p>\n<p style=\"text-align: center;\"><span style=\"color: #800000;\">Sam Jew sings Mon c\u0153ur s&#8217;ouvre \u00e0 ta voix from Saint-Sa\u00ebns&#8217; SAMSON et DALILA and <\/span><\/p>\n<p style=\"text-align: center;\"><span style=\"color: #800000;\">O mio Fernando! from Donizetti&#8217;s La FAVORITA. <\/span><\/p>\n<p style=\"text-align: center;\"><span style=\"color: #800000;\">She was accompanied by Maestra Rachel Chao. HD Video by Robert Land Productions.<\/span><\/p>\n<p style=\"text-align: center;\"><a href=\"https:\/\/soma-info.org\/wp-content\/uploads\/2017\/08\/th-12.jpg\"><img loading=\"lazy\" decoding=\"async\" class=\"aligncenter  wp-image-5581\" title=\"Hybiscus\" src=\"https:\/\/soma-info.org\/wp-content\/uploads\/2017\/08\/th-12.jpg\" alt=\"\" width=\"180\" height=\"133\" \/><\/a><\/p>\n<h4 style=\"text-align: center;\"><a title=\"2017 Award Winning Finalist : Marisan Corsino\" href=\"https:\/\/soma-info.org\/?page_id=5587\">2017 Award Winning Finalist : Marisan Corsino<\/a><\/h4>\n","protected":false},"excerpt":{"rendered":"<p>Mezzo-soprano Recipient of the Monica &amp; Roger McNeill Award Sam Jew Kim, mezzo-soprano, is recently appeared as Renaud in Lully\u2019s Armide. She has performed with the Le Ch\u00e2teau de la Voix, the Baroque Artists of Champaign Urbana, the Concerto Urbano Baroque Ensemble, the Wesley Foundation at UIUC, and the Acad\u00e9mie Internationale d\u2019Et\u00e9 de Nice. Credits [&hellip;]<\/p>\n","protected":false},"author":1,"featured_media":0,"parent":5508,"menu_order":8,"comment_status":"closed","ping_status":"closed","template":"","meta":{"footnotes":""},"class_list":["post-5579","page","type-page","status-publish","hentry"],"_links":{"self":[{"href":"https:\/\/soma-info.org\/index.php?rest_route=\/wp\/v2\/pages\/5579","targetHints":{"allow":["GET"]}}],"collection":[{"href":"https:\/\/soma-info.org\/index.php?rest_route=\/wp\/v2\/pages"}],"about":[{"href":"https:\/\/soma-info.org\/index.php?rest_route=\/wp\/v2\/types\/page"}],"author":[{"embeddable":true,"href":"https:\/\/soma-info.org\/index.php?rest_route=\/wp\/v2\/users\/1"}],"replies":[{"embeddable":true,"href":"https:\/\/soma-info.org\/index.php?rest_route=%2Fwp%2Fv2%2Fcomments&post=5579"}],"version-history":[{"count":4,"href":"https:\/\/soma-info.org\/index.php?rest_route=\/wp\/v2\/pages\/5579\/revisions"}],"predecessor-version":[{"id":5608,"href":"https:\/\/soma-info.org\/index.php?rest_route=\/wp\/v2\/pages\/5579\/revisions\/5608"}],"up":[{"embeddable":true,"href":"https:\/\/soma-info.org\/index.php?rest_route=\/wp\/v2\/pages\/5508"}],"wp:attachment":[{"href":"https:\/\/soma-info.org\/index.php?rest_route=%2Fwp%2Fv2%2Fmedia&parent=5579"}],"curies":[{"name":"wp","href":"https:\/\/api.w.org\/{rel}","templated":true}]}}