{"id":4384,"date":"2015-06-24T16:54:09","date_gmt":"2015-06-24T16:54:09","guid":{"rendered":"http:\/\/somainfo.org\/?page_id=4384"},"modified":"2015-07-20T20:15:33","modified_gmt":"2015-07-20T20:15:33","slug":"finalist-jubal-joslyn","status":"publish","type":"page","link":"https:\/\/soma-info.org\/?page_id=4384","title":{"rendered":"Finalist : Jubal Joslyn"},"content":{"rendered":"<h4 style=\"text-align: center;\"><span style=\"color: #534fb0;\">Tenor<\/span><\/h4>\n<h5 style=\"text-align: center;\">Recipient of the Caroline Johnson Award<\/h5>\n<p style=\"text-align: justify;\"><a href=\"https:\/\/soma-info.org\/wp-content\/uploads\/2015\/06\/Jubal-Joslyn-headshot.jpg\"><img loading=\"lazy\" decoding=\"async\" class=\"alignleft  wp-image-4385\" title=\"Jubal Joslyn\" src=\"https:\/\/soma-info.org\/wp-content\/uploads\/2015\/06\/Jubal-Joslyn-headshot-240x300.jpg\" alt=\"\" width=\"215\" height=\"268\" srcset=\"https:\/\/soma-info.org\/wp-content\/uploads\/2015\/06\/Jubal-Joslyn-headshot-240x300.jpg 240w, https:\/\/soma-info.org\/wp-content\/uploads\/2015\/06\/Jubal-Joslyn-headshot.jpg 520w\" sizes=\"auto, (max-width: 215px) 100vw, 215px\" \/><\/a><span style=\"color: #534fb0;\">Tenor Jubal Joslyn\u2019s recently won an Encouragement Award at the Houston District Metropolitan Opera National Council Auditions and earned a position at the Aspen Opera Theater Center as part of the Aspen Music Festival. Past accomplishments include winning the Idaho\/ Montana\/ Eastern Washington District of the Metropolitan Opera National Council Auditions, including the \u201cAudience Choice\u201d award, and performing as a Northwestern Regional Finalist. He made his debut as Arturo in Lucia di Lammermoor with Opera Artists of Utah, Remendado in Carmen at Opera Idaho and returned to Santa Fe Opera to cover Vladimir Vladimirescu in The Impresario and The Fisherman in Le Rossignol. As a member of the Santa Fe Opera Apprentice Artist\u2019s Program, he also sang the title role in a scene from Walton\u2019s Troilus and Cressida.<\/span><br \/>\n<span style=\"color: #534fb0;\"> He has previously performed scenes as Alfredo in La traviata, Edgardo in Lucia di Lammermoor, Tom Rakewell in The Rake\u2019s Progress, Rodolfo in La Boh\u00e8me and the complete roles of Benedict in B\u00e9atrice et B\u00e9n\u00e9dict and Tamino in Die Zauberfl\u00f6te<\/span><br \/>\n<span style=\"color: #534fb0;\"> Winner of 2013\u2019s BYU Nancy Peery-Marriot Singer of the Year Competition, Jubal has received other awards from the Metropolitan Opera National Council Auditions, including the \u201cBest of Utah\u201d award, and sponsorship by the William Randolph Hearst Fund from the Santa Fe Opera. Mr. Joslyn grew up in Imperial, NE and lives with his family in Austin, TX.<\/span><\/p>\n<h4 style=\"text-align: center;\"><strong>Sunday, June 7th, 2015<\/strong><\/h4>\n<div id=\"attachment_4386\" style=\"width: 630px\" class=\"wp-caption aligncenter\"><a href=\"https:\/\/soma-info.org\/wp-content\/uploads\/2015\/06\/LAA_7586-copy.jpg\"><img loading=\"lazy\" decoding=\"async\" aria-describedby=\"caption-attachment-4386\" class=\"size-large wp-image-4386\" title=\"Jubal Joslyn\" src=\"https:\/\/soma-info.org\/wp-content\/uploads\/2015\/06\/LAA_7586-copy-1024x804.jpg\" alt=\"\" width=\"620\" height=\"486\" srcset=\"https:\/\/soma-info.org\/wp-content\/uploads\/2015\/06\/LAA_7586-copy-1024x804.jpg 1024w, https:\/\/soma-info.org\/wp-content\/uploads\/2015\/06\/LAA_7586-copy-300x235.jpg 300w\" sizes=\"auto, (max-width: 620px) 100vw, 620px\" \/><\/a><p id=\"caption-attachment-4386\" class=\"wp-caption-text\"><em>Photo by Gwen Juarez<\/em><\/p><\/div>\n<p style=\"text-align: center;\"><span style=\"color: #000080;\"><iframe loading=\"lazy\" src=\"https:\/\/www.youtube.com\/embed\/8JBD75k2C-I\" frameborder=\"0\" width=\"560\" height=\"315\"><\/iframe><\/span><\/p>\n<p style=\"text-align: center;\"><span style=\"color: #666699;\"><em>Tuo drudo e mio rivale<\/em><\/span><\/p>\n<p style=\"text-align: center;\"><span style=\"color: #666699;\">from RODELINDA by Handel<\/span><\/p>\n<p style=\"text-align: center;\"><span style=\"color: #666699;\">and HD Video was recorded by Robert Land Productions<\/span><\/p>\n<p style=\"text-align: center;\"><a href=\"https:\/\/soma-info.org\/wp-content\/uploads\/2015\/06\/800px-Goldenrod_1r.jpg\"><img loading=\"lazy\" decoding=\"async\" class=\"aligncenter  wp-image-4485\" title=\"800px-Goldenrod_1r\" src=\"https:\/\/soma-info.org\/wp-content\/uploads\/2015\/06\/800px-Goldenrod_1r.jpg\" alt=\"\" width=\"174\" height=\"143\" \/><\/a><\/p>\n<h4 style=\"text-align: center;\"><a title=\"Our 2015 Finalists\" href=\"https:\/\/soma-info.org\/?page_id=4237\"><span style=\"color: #800000;\">Our 2015 Finalists<\/span><\/a><\/h4>\n<h4 style=\"text-align: center;\"><a title=\"Our 2015 Guest Artists\" href=\"https:\/\/soma-info.org\/?page_id=4433\"><span style=\"color: #800000;\">Our Guest Artists<\/span><\/a><\/h4>\n<p style=\"text-align: center;\">\n","protected":false},"excerpt":{"rendered":"<p>Tenor Recipient of the Caroline Johnson Award Tenor Jubal Joslyn\u2019s recently won an Encouragement Award at the Houston District Metropolitan Opera National Council Auditions and earned a position at the Aspen Opera Theater Center as part of the Aspen Music Festival. Past accomplishments include winning the Idaho\/ Montana\/ Eastern Washington District of the Metropolitan Opera [&hellip;]<\/p>\n","protected":false},"author":1,"featured_media":0,"parent":4257,"menu_order":9,"comment_status":"closed","ping_status":"closed","template":"","meta":{"footnotes":""},"class_list":["post-4384","page","type-page","status-publish","hentry"],"_links":{"self":[{"href":"https:\/\/soma-info.org\/index.php?rest_route=\/wp\/v2\/pages\/4384","targetHints":{"allow":["GET"]}}],"collection":[{"href":"https:\/\/soma-info.org\/index.php?rest_route=\/wp\/v2\/pages"}],"about":[{"href":"https:\/\/soma-info.org\/index.php?rest_route=\/wp\/v2\/types\/page"}],"author":[{"embeddable":true,"href":"https:\/\/soma-info.org\/index.php?rest_route=\/wp\/v2\/users\/1"}],"replies":[{"embeddable":true,"href":"https:\/\/soma-info.org\/index.php?rest_route=%2Fwp%2Fv2%2Fcomments&post=4384"}],"version-history":[{"count":9,"href":"https:\/\/soma-info.org\/index.php?rest_route=\/wp\/v2\/pages\/4384\/revisions"}],"predecessor-version":[{"id":4616,"href":"https:\/\/soma-info.org\/index.php?rest_route=\/wp\/v2\/pages\/4384\/revisions\/4616"}],"up":[{"embeddable":true,"href":"https:\/\/soma-info.org\/index.php?rest_route=\/wp\/v2\/pages\/4257"}],"wp:attachment":[{"href":"https:\/\/soma-info.org\/index.php?rest_route=%2Fwp%2Fv2%2Fmedia&parent=4384"}],"curies":[{"name":"wp","href":"https:\/\/api.w.org\/{rel}","templated":true}]}}