{"id":4303,"date":"2015-06-18T19:53:48","date_gmt":"2015-06-18T19:53:48","guid":{"rendered":"http:\/\/somainfo.org\/?page_id=4303"},"modified":"2015-07-08T19:23:53","modified_gmt":"2015-07-08T19:23:53","slug":"finalist-rebecca-wilson","status":"publish","type":"page","link":"https:\/\/soma-info.org\/?page_id=4303","title":{"rendered":"Finalist : Rebecca Wilson"},"content":{"rendered":"<h3 style=\"text-align: center;\"><span style=\"color: #800080;\">Soprano<\/span><\/h3>\n<h4 style=\"text-align: center;\">Recipient of the Paula Arnold Award<\/h4>\n<p style=\"text-align: justify;\"><a href=\"https:\/\/soma-info.org\/wp-content\/uploads\/2015\/06\/Rebecca-Wilson-Headshot.jpg\"><img loading=\"lazy\" decoding=\"async\" class=\"alignleft size-medium wp-image-4304\" title=\"Rebecca Wilson \" src=\"https:\/\/soma-info.org\/wp-content\/uploads\/2015\/06\/Rebecca-Wilson-Headshot-200x300.jpg\" alt=\"\" width=\"200\" height=\"300\" srcset=\"https:\/\/soma-info.org\/wp-content\/uploads\/2015\/06\/Rebecca-Wilson-Headshot-200x300.jpg 200w, https:\/\/soma-info.org\/wp-content\/uploads\/2015\/06\/Rebecca-Wilson-Headshot-682x1024.jpg 682w\" sizes=\"auto, (max-width: 200px) 100vw, 200px\" \/><\/a><span style=\"color: #800080;\">Originally from Cincinnati area, soprano Rebecca Wilson recently was awarded a grant from the Gerda Lissner Foundation in the 2015 Wagnerian division and was a finalist in the 2015 Lois Alba Competition. In July, Rebecca will be singing the role of Venus in La p\u00farpura de la rosa with Le Ch\u00e2teau de la Voix. Rebecca is thrilled to be joining Union Avenue Opera this August as Gutrune in their production in G\u00f6tterd\u00e4mmerung.<\/span><br \/>\n<span style=\"color: #800080;\">Also, Rebecca has been heard as soloist with the Baroque Artists of Champaign, The University of Illinois Urbana-Champaign Choir and Orchestra, Chicago College of Performing Arts Orchestra, the Ashland Symphony Orchestra, and Wheaton Symphony.\u2028\u2028 Other Honors and Credits include the following:\u00a03rd Place Finalist in 2007 Bel Canto Foundation, Bravo Award Winner in 2005 Bel Canto Foundation, Suzel in L\u2019amico Fritz, Lady Billows in Albert Herring, Mimi in La boh\u00e8me, Fiordiligi in Cosi fan tutte, 2nd\u00a0Bridesmaid in Le Nozze di Figaro, La Countessa Le Nozze\u00a0di Figaro, Pat Nixon in John Adam\u2019s Nixon in China, the title role in Finding Yolanda (based on Tchaikovsky\u2019s Iolanta) and WFMT\u2019s Solo Recital Fazioli Salon Series in Chicago.<\/span><\/p>\n<h4 style=\"text-align: center;\">Sunday, June 7th, 2015<\/h4>\n<p style=\"text-align: center;\"><span style=\"color: #000080;\"><iframe loading=\"lazy\" src=\"https:\/\/www.youtube.com\/embed\/UdzmiMxa2oU\" frameborder=\"0\" width=\"560\" height=\"315\"><\/iframe><\/span><\/p>\n<p style=\"text-align: center;\"><span style=\"color: #800080;\"><em>Dich, theure Halle<\/em><\/span><\/p>\n<p style=\"text-align: center;\"><span style=\"color: #800080;\">from TANNHAUSER by Wagner<\/span><\/p>\n<p style=\"text-align: center;\">Rebecca was accompanied by Maestra Janice Fehlauer<\/p>\n<p style=\"text-align: center;\">and HD Video provided by Robert Land Productions.<\/p>\n<div id=\"attachment_4365\" style=\"width: 630px\" class=\"wp-caption aligncenter\"><a href=\"https:\/\/soma-info.org\/wp-content\/uploads\/2015\/06\/Rebecca2.jpg\"><img loading=\"lazy\" decoding=\"async\" aria-describedby=\"caption-attachment-4365\" class=\"size-large wp-image-4365\" title=\"Rebecca Wilson\" src=\"https:\/\/soma-info.org\/wp-content\/uploads\/2015\/06\/Rebecca2-1024x804.jpg\" alt=\"\" width=\"620\" height=\"486\" srcset=\"https:\/\/soma-info.org\/wp-content\/uploads\/2015\/06\/Rebecca2-1024x804.jpg 1024w, https:\/\/soma-info.org\/wp-content\/uploads\/2015\/06\/Rebecca2-300x235.jpg 300w\" sizes=\"auto, (max-width: 620px) 100vw, 620px\" \/><\/a><p id=\"caption-attachment-4365\" class=\"wp-caption-text\"><em>Photo by Gwen Juarez<\/em><\/p><\/div>\n<div id=\"attachment_4584\" style=\"width: 310px\" class=\"wp-caption aligncenter\"><a href=\"https:\/\/soma-info.org\/wp-content\/uploads\/2015\/06\/zRebeccaandLois.jpg\"><img loading=\"lazy\" decoding=\"async\" aria-describedby=\"caption-attachment-4584\" class=\"size-medium wp-image-4584\" title=\"Rebecca &amp; Lois\" src=\"https:\/\/soma-info.org\/wp-content\/uploads\/2015\/06\/zRebeccaandLois-300x235.jpg\" alt=\"\" width=\"300\" height=\"235\" srcset=\"https:\/\/soma-info.org\/wp-content\/uploads\/2015\/06\/zRebeccaandLois-300x235.jpg 300w, https:\/\/soma-info.org\/wp-content\/uploads\/2015\/06\/zRebeccaandLois-1024x804.jpg 1024w\" sizes=\"auto, (max-width: 300px) 100vw, 300px\" \/><\/a><p id=\"caption-attachment-4584\" class=\"wp-caption-text\"><em>Rebecca &amp; Lois Alba<\/em><\/p><\/div>\n<p style=\"text-align: center;\"><a href=\"https:\/\/soma-info.org\/wp-content\/uploads\/2015\/06\/th1.jpg\"><img loading=\"lazy\" decoding=\"async\" class=\"aligncenter size-full wp-image-4392\" title=\"Purple Flowers\" src=\"https:\/\/soma-info.org\/wp-content\/uploads\/2015\/06\/th1.jpg\" alt=\"\" width=\"133\" height=\"119\" \/><\/a><\/p>\n<h4 style=\"text-align: center;\"><span style=\"color: #800000;\"><a title=\"Our 2015 Finalists\" href=\"https:\/\/soma-info.org\/?page_id=4237\"><span style=\"color: #800000;\">The 2015 Finalists<\/span><\/a><\/span><\/h4>\n<h4 style=\"text-align: center;\"><a title=\"Finalist : Nan Qin\" href=\"https:\/\/soma-info.org\/?page_id=4336\"><span style=\"color: #800000;\">Finalist : Nan Qin<\/span><\/a><\/h4>\n","protected":false},"excerpt":{"rendered":"<p>Soprano Recipient of the Paula Arnold Award Originally from Cincinnati area, soprano Rebecca Wilson recently was awarded a grant from the Gerda Lissner Foundation in the 2015 Wagnerian division and was a finalist in the 2015 Lois Alba Competition. In July, Rebecca will be singing the role of Venus in La p\u00farpura de la rosa [&hellip;]<\/p>\n","protected":false},"author":1,"featured_media":0,"parent":4257,"menu_order":6,"comment_status":"closed","ping_status":"closed","template":"","meta":{"footnotes":""},"class_list":["post-4303","page","type-page","status-publish","hentry"],"_links":{"self":[{"href":"https:\/\/soma-info.org\/index.php?rest_route=\/wp\/v2\/pages\/4303","targetHints":{"allow":["GET"]}}],"collection":[{"href":"https:\/\/soma-info.org\/index.php?rest_route=\/wp\/v2\/pages"}],"about":[{"href":"https:\/\/soma-info.org\/index.php?rest_route=\/wp\/v2\/types\/page"}],"author":[{"embeddable":true,"href":"https:\/\/soma-info.org\/index.php?rest_route=\/wp\/v2\/users\/1"}],"replies":[{"embeddable":true,"href":"https:\/\/soma-info.org\/index.php?rest_route=%2Fwp%2Fv2%2Fcomments&post=4303"}],"version-history":[{"count":10,"href":"https:\/\/soma-info.org\/index.php?rest_route=\/wp\/v2\/pages\/4303\/revisions"}],"predecessor-version":[{"id":4364,"href":"https:\/\/soma-info.org\/index.php?rest_route=\/wp\/v2\/pages\/4303\/revisions\/4364"}],"up":[{"embeddable":true,"href":"https:\/\/soma-info.org\/index.php?rest_route=\/wp\/v2\/pages\/4257"}],"wp:attachment":[{"href":"https:\/\/soma-info.org\/index.php?rest_route=%2Fwp%2Fv2%2Fmedia&parent=4303"}],"curies":[{"name":"wp","href":"https:\/\/api.w.org\/{rel}","templated":true}]}}